{"id":1540,"date":"2021-04-15T10:24:39","date_gmt":"2021-04-15T10:24:39","guid":{"rendered":"https:\/\/wecare.violeta.com\/product\/pre-poo\/"},"modified":"2023-10-10T07:08:01","modified_gmt":"2023-10-10T07:08:01","slug":"pre-poo","status":"publish","type":"product","link":"https:\/\/wecare.violeta.com\/sl\/product\/pre-poo\/","title":{"rendered":"Pre Poo"},"content":{"rendered":"","protected":false},"excerpt":{"rendered":"<p>Zaradi dolo\u010denih stvari \u0161e vedno zardevamo od sramu, \u010deprav so popolnoma naravne.  Zato menimo, da je kon\u010dno napo\u010dil \u010das, da odmislimo pravila in na\u010dnemo to tabu temo.<br \/>\nKar so bile neko\u010d le sanje oz.  nedosegljiva ideja, je danes resni\u010dno! Pre Poo je revolucionarni sprej za WC \u0161koljko, ki prepre\u010di neprijetnim vonjavam, da bi se sploh razvile!<\/p>\n","protected":false},"featured_media":2910,"parent":0,"menu_order":0,"template":"","acf":[],"yoast_head":"<!-- This site is optimized with the Yoast SEO plugin v21.0 - https:\/\/yoast.com\/wordpress\/plugins\/seo\/ -->\n<title>Pre Poo - Violeta We Care<\/title>\n<meta name=\"robots\" content=\"index, follow, max-snippet:-1, max-image-preview:large, max-video-preview:-1\" \/>\n<link rel=\"canonical\" href=\"https:\/\/wecare.violeta.com\/sl\/product\/pre-poo\/\" \/>\n<meta property=\"og:locale\" content=\"sl_SI\" \/>\n<meta property=\"og:type\" content=\"article\" \/>\n<meta property=\"og:title\" content=\"Pre Poo - Violeta We Care\" \/>\n<meta property=\"og:description\" content=\"Zaradi dolo\u010denih stvari \u0161e vedno zardevamo od sramu, \u010deprav so popolnoma naravne. Zato menimo, da je kon\u010dno napo\u010dil \u010das, da odmislimo pravila in na\u010dnemo to tabu temo.  Kar so bile neko\u010d le sanje oz. nedosegljiva ideja, je danes resni\u010dno! Pre Poo je revolucionarni sprej za WC \u0161koljko, ki prepre\u010di neprijetnim vonjavam, da bi se sploh razvile!\" \/>\n<meta property=\"og:url\" content=\"https:\/\/wecare.violeta.com\/sl\/product\/pre-poo\/\" \/>\n<meta property=\"og:site_name\" content=\"Violeta We Care\" \/>\n<meta property=\"article:modified_time\" content=\"2023-10-10T07:08:01+00:00\" \/>\n<meta property=\"og:image\" content=\"https:\/\/wecare.violeta.com\/wp-content\/uploads\/2021\/04\/pre-poo-istaknuta.webp\" \/>\n\t<meta property=\"og:image:width\" content=\"456\" \/>\n\t<meta property=\"og:image:height\" content=\"456\" \/>\n\t<meta property=\"og:image:type\" content=\"image\/webp\" \/>\n<meta name=\"twitter:card\" content=\"summary_large_image\" \/>\n<script type=\"application\/ld+json\" class=\"yoast-schema-graph\">{\"@context\":\"https:\/\/schema.org\",\"@graph\":[{\"@type\":\"WebPage\",\"@id\":\"https:\/\/wecare.violeta.com\/sl\/product\/pre-poo\/\",\"url\":\"https:\/\/wecare.violeta.com\/sl\/product\/pre-poo\/\",\"name\":\"Pre Poo - Violeta We Care\",\"isPartOf\":{\"@id\":\"https:\/\/wecare.violeta.com\/#website\"},\"datePublished\":\"2021-04-15T10:24:39+00:00\",\"dateModified\":\"2023-10-10T07:08:01+00:00\",\"breadcrumb\":{\"@id\":\"https:\/\/wecare.violeta.com\/sl\/product\/pre-poo\/#breadcrumb\"},\"inLanguage\":\"sl-SI\",\"potentialAction\":[{\"@type\":\"ReadAction\",\"target\":[\"https:\/\/wecare.violeta.com\/sl\/product\/pre-poo\/\"]}]},{\"@type\":\"BreadcrumbList\",\"@id\":\"https:\/\/wecare.violeta.com\/sl\/product\/pre-poo\/#breadcrumb\",\"itemListElement\":[{\"@type\":\"ListItem\",\"position\":1,\"name\":\"Po\u010detna stranica\",\"item\":\"https:\/\/wecare.violeta.com\/sl\/\"},{\"@type\":\"ListItem\",\"position\":2,\"name\":\"Pre Poo\"}]},{\"@type\":\"WebSite\",\"@id\":\"https:\/\/wecare.violeta.com\/#website\",\"url\":\"https:\/\/wecare.violeta.com\/\",\"name\":\"Violeta We Care\",\"description\":\"Just another WordPress site\",\"potentialAction\":[{\"@type\":\"SearchAction\",\"target\":{\"@type\":\"EntryPoint\",\"urlTemplate\":\"https:\/\/wecare.violeta.com\/?s={search_term_string}\"},\"query-input\":\"required name=search_term_string\"}],\"inLanguage\":\"sl-SI\"}]}<\/script>\n<!-- \/ Yoast SEO plugin. -->","yoast_head_json":{"title":"Pre Poo - Violeta We Care","robots":{"index":"index","follow":"follow","max-snippet":"max-snippet:-1","max-image-preview":"max-image-preview:large","max-video-preview":"max-video-preview:-1"},"canonical":"https:\/\/wecare.violeta.com\/sl\/product\/pre-poo\/","og_locale":"sl_SI","og_type":"article","og_title":"Pre Poo - Violeta We Care","og_description":"Zaradi dolo\u010denih stvari \u0161e vedno zardevamo od sramu, \u010deprav so popolnoma naravne. Zato menimo, da je kon\u010dno napo\u010dil \u010das, da odmislimo pravila in na\u010dnemo to tabu temo.  Kar so bile neko\u010d le sanje oz. nedosegljiva ideja, je danes resni\u010dno! Pre Poo je revolucionarni sprej za WC \u0161koljko, ki prepre\u010di neprijetnim vonjavam, da bi se sploh razvile!","og_url":"https:\/\/wecare.violeta.com\/sl\/product\/pre-poo\/","og_site_name":"Violeta We Care","article_modified_time":"2023-10-10T07:08:01+00:00","og_image":[{"width":456,"height":456,"url":"https:\/\/wecare.violeta.com\/wp-content\/uploads\/2021\/04\/pre-poo-istaknuta.webp","type":"image\/webp"}],"twitter_card":"summary_large_image","schema":{"@context":"https:\/\/schema.org","@graph":[{"@type":"WebPage","@id":"https:\/\/wecare.violeta.com\/sl\/product\/pre-poo\/","url":"https:\/\/wecare.violeta.com\/sl\/product\/pre-poo\/","name":"Pre Poo - Violeta We Care","isPartOf":{"@id":"https:\/\/wecare.violeta.com\/#website"},"datePublished":"2021-04-15T10:24:39+00:00","dateModified":"2023-10-10T07:08:01+00:00","breadcrumb":{"@id":"https:\/\/wecare.violeta.com\/sl\/product\/pre-poo\/#breadcrumb"},"inLanguage":"sl-SI","potentialAction":[{"@type":"ReadAction","target":["https:\/\/wecare.violeta.com\/sl\/product\/pre-poo\/"]}]},{"@type":"BreadcrumbList","@id":"https:\/\/wecare.violeta.com\/sl\/product\/pre-poo\/#breadcrumb","itemListElement":[{"@type":"ListItem","position":1,"name":"Po\u010detna stranica","item":"https:\/\/wecare.violeta.com\/sl\/"},{"@type":"ListItem","position":2,"name":"Pre Poo"}]},{"@type":"WebSite","@id":"https:\/\/wecare.violeta.com\/#website","url":"https:\/\/wecare.violeta.com\/","name":"Violeta We Care","description":"Just another WordPress site","potentialAction":[{"@type":"SearchAction","target":{"@type":"EntryPoint","urlTemplate":"https:\/\/wecare.violeta.com\/?s={search_term_string}"},"query-input":"required name=search_term_string"}],"inLanguage":"sl-SI"}]}},"_links":{"self":[{"href":"https:\/\/wecare.violeta.com\/sl\/wp-json\/wp\/v2\/product\/1540"}],"collection":[{"href":"https:\/\/wecare.violeta.com\/sl\/wp-json\/wp\/v2\/product"}],"about":[{"href":"https:\/\/wecare.violeta.com\/sl\/wp-json\/wp\/v2\/types\/product"}],"wp:featuredmedia":[{"embeddable":true,"href":"https:\/\/wecare.violeta.com\/sl\/wp-json\/wp\/v2\/media\/2910"}],"wp:attachment":[{"href":"https:\/\/wecare.violeta.com\/sl\/wp-json\/wp\/v2\/media?parent=1540"}],"curies":[{"name":"wp","href":"https:\/\/api.w.org\/{rel}","templated":true}]}}