{"id":3930,"date":"2023-10-16T11:56:07","date_gmt":"2023-10-16T11:56:07","guid":{"rendered":"https:\/\/wecare.violeta.com\/product\/cotton-daynight\/"},"modified":"2026-03-20T08:15:02","modified_gmt":"2026-03-20T08:15:02","slug":"cotton-daynight","status":"publish","type":"product","link":"https:\/\/wecare.violeta.com\/sl\/product\/cotton-daynight\/","title":{"rendered":"Cotton day&#038;night"},"content":{"rendered":"","protected":false},"excerpt":{"rendered":"<p>Edini certificirani debelej\u0161i vlo\u017eki z bomba\u017eem, ki ima visoko sposobnost vpijanja in zadr\u017eevanja teko\u010dine. Prepre\u010duje dra\u017eenje, hkrati pa zagotavlja ob\u010dutek sve\u017eine in varnosti podnevi in pono\u010di.<\/p>\n","protected":false},"featured_media":5107,"parent":0,"menu_order":0,"template":"","acf":[],"yoast_head":"<!-- This site is optimized with the Yoast SEO plugin v21.0 - https:\/\/yoast.com\/wordpress\/plugins\/seo\/ -->\n<title>Cotton day&amp;night - Violeta We Care<\/title>\n<meta name=\"description\" content=\"Edini certificirani debelej\u0161i vlo\u017eki z bomba\u017eem, ki ima visoko sposobnost vpijanja in zadr\u017eevanja teko\u010dine.\" \/>\n<meta name=\"robots\" content=\"index, follow, max-snippet:-1, max-image-preview:large, max-video-preview:-1\" \/>\n<link rel=\"canonical\" href=\"https:\/\/wecare.violeta.com\/sl\/product\/cotton-daynight\/\" \/>\n<meta property=\"og:locale\" content=\"sl_SI\" \/>\n<meta property=\"og:type\" content=\"article\" \/>\n<meta property=\"og:title\" content=\"Cotton day&amp;night - Violeta We Care\" \/>\n<meta property=\"og:description\" content=\"Edini certificirani debelej\u0161i vlo\u017eki z bomba\u017eem, ki ima visoko sposobnost vpijanja in zadr\u017eevanja teko\u010dine.\" \/>\n<meta property=\"og:url\" content=\"https:\/\/wecare.violeta.com\/sl\/product\/cotton-daynight\/\" \/>\n<meta property=\"og:site_name\" content=\"Violeta We Care\" \/>\n<meta property=\"article:modified_time\" content=\"2026-03-20T08:15:02+00:00\" \/>\n<meta property=\"og:image\" content=\"https:\/\/wecare.violeta.com\/wp-content\/uploads\/2023\/10\/WEB_COTTON_PROIZVOD_NOCNI_490x455.jpg\" \/>\n\t<meta property=\"og:image:width\" content=\"490\" \/>\n\t<meta property=\"og:image:height\" content=\"455\" \/>\n\t<meta property=\"og:image:type\" content=\"image\/jpeg\" \/>\n<meta name=\"twitter:card\" content=\"summary_large_image\" \/>\n<script type=\"application\/ld+json\" class=\"yoast-schema-graph\">{\"@context\":\"https:\/\/schema.org\",\"@graph\":[{\"@type\":\"WebPage\",\"@id\":\"https:\/\/wecare.violeta.com\/sl\/product\/cotton-daynight\/\",\"url\":\"https:\/\/wecare.violeta.com\/sl\/product\/cotton-daynight\/\",\"name\":\"Cotton day&night - Violeta We Care\",\"isPartOf\":{\"@id\":\"https:\/\/wecare.violeta.com\/#website\"},\"datePublished\":\"2023-10-16T11:56:07+00:00\",\"dateModified\":\"2026-03-20T08:15:02+00:00\",\"description\":\"Edini certificirani debelej\u0161i vlo\u017eki z bomba\u017eem, ki ima visoko sposobnost vpijanja in zadr\u017eevanja teko\u010dine.\",\"breadcrumb\":{\"@id\":\"https:\/\/wecare.violeta.com\/sl\/product\/cotton-daynight\/#breadcrumb\"},\"inLanguage\":\"sl-SI\",\"potentialAction\":[{\"@type\":\"ReadAction\",\"target\":[\"https:\/\/wecare.violeta.com\/sl\/product\/cotton-daynight\/\"]}]},{\"@type\":\"BreadcrumbList\",\"@id\":\"https:\/\/wecare.violeta.com\/sl\/product\/cotton-daynight\/#breadcrumb\",\"itemListElement\":[{\"@type\":\"ListItem\",\"position\":1,\"name\":\"Po\u010detna stranica\",\"item\":\"https:\/\/wecare.violeta.com\/sl\/\"},{\"@type\":\"ListItem\",\"position\":2,\"name\":\"Cotton day&#038;night\"}]},{\"@type\":\"WebSite\",\"@id\":\"https:\/\/wecare.violeta.com\/#website\",\"url\":\"https:\/\/wecare.violeta.com\/\",\"name\":\"Violeta We Care\",\"description\":\"Just another WordPress site\",\"potentialAction\":[{\"@type\":\"SearchAction\",\"target\":{\"@type\":\"EntryPoint\",\"urlTemplate\":\"https:\/\/wecare.violeta.com\/?s={search_term_string}\"},\"query-input\":\"required name=search_term_string\"}],\"inLanguage\":\"sl-SI\"}]}<\/script>\n<!-- \/ Yoast SEO plugin. -->","yoast_head_json":{"title":"Cotton day&night - Violeta We Care","description":"Edini certificirani debelej\u0161i vlo\u017eki z bomba\u017eem, ki ima visoko sposobnost vpijanja in zadr\u017eevanja teko\u010dine.","robots":{"index":"index","follow":"follow","max-snippet":"max-snippet:-1","max-image-preview":"max-image-preview:large","max-video-preview":"max-video-preview:-1"},"canonical":"https:\/\/wecare.violeta.com\/sl\/product\/cotton-daynight\/","og_locale":"sl_SI","og_type":"article","og_title":"Cotton day&night - Violeta We Care","og_description":"Edini certificirani debelej\u0161i vlo\u017eki z bomba\u017eem, ki ima visoko sposobnost vpijanja in zadr\u017eevanja teko\u010dine.","og_url":"https:\/\/wecare.violeta.com\/sl\/product\/cotton-daynight\/","og_site_name":"Violeta We Care","article_modified_time":"2026-03-20T08:15:02+00:00","og_image":[{"width":490,"height":455,"url":"https:\/\/wecare.violeta.com\/wp-content\/uploads\/2023\/10\/WEB_COTTON_PROIZVOD_NOCNI_490x455.jpg","type":"image\/jpeg"}],"twitter_card":"summary_large_image","schema":{"@context":"https:\/\/schema.org","@graph":[{"@type":"WebPage","@id":"https:\/\/wecare.violeta.com\/sl\/product\/cotton-daynight\/","url":"https:\/\/wecare.violeta.com\/sl\/product\/cotton-daynight\/","name":"Cotton day&night - Violeta We Care","isPartOf":{"@id":"https:\/\/wecare.violeta.com\/#website"},"datePublished":"2023-10-16T11:56:07+00:00","dateModified":"2026-03-20T08:15:02+00:00","description":"Edini certificirani debelej\u0161i vlo\u017eki z bomba\u017eem, ki ima visoko sposobnost vpijanja in zadr\u017eevanja teko\u010dine.","breadcrumb":{"@id":"https:\/\/wecare.violeta.com\/sl\/product\/cotton-daynight\/#breadcrumb"},"inLanguage":"sl-SI","potentialAction":[{"@type":"ReadAction","target":["https:\/\/wecare.violeta.com\/sl\/product\/cotton-daynight\/"]}]},{"@type":"BreadcrumbList","@id":"https:\/\/wecare.violeta.com\/sl\/product\/cotton-daynight\/#breadcrumb","itemListElement":[{"@type":"ListItem","position":1,"name":"Po\u010detna stranica","item":"https:\/\/wecare.violeta.com\/sl\/"},{"@type":"ListItem","position":2,"name":"Cotton day&#038;night"}]},{"@type":"WebSite","@id":"https:\/\/wecare.violeta.com\/#website","url":"https:\/\/wecare.violeta.com\/","name":"Violeta We Care","description":"Just another WordPress site","potentialAction":[{"@type":"SearchAction","target":{"@type":"EntryPoint","urlTemplate":"https:\/\/wecare.violeta.com\/?s={search_term_string}"},"query-input":"required name=search_term_string"}],"inLanguage":"sl-SI"}]}},"_links":{"self":[{"href":"https:\/\/wecare.violeta.com\/sl\/wp-json\/wp\/v2\/product\/3930"}],"collection":[{"href":"https:\/\/wecare.violeta.com\/sl\/wp-json\/wp\/v2\/product"}],"about":[{"href":"https:\/\/wecare.violeta.com\/sl\/wp-json\/wp\/v2\/types\/product"}],"wp:featuredmedia":[{"embeddable":true,"href":"https:\/\/wecare.violeta.com\/sl\/wp-json\/wp\/v2\/media\/5107"}],"wp:attachment":[{"href":"https:\/\/wecare.violeta.com\/sl\/wp-json\/wp\/v2\/media?parent=3930"}],"curies":[{"name":"wp","href":"https:\/\/api.w.org\/{rel}","templated":true}]}}